{"id":943,"date":"2021-03-30T15:58:26","date_gmt":"2021-03-30T14:58:26","guid":{"rendered":"http:\/\/architektenpartner.de\/?page_id=943"},"modified":"2025-01-09T11:43:28","modified_gmt":"2025-01-09T10:43:28","slug":"avanti-2021-neuerungen","status":"publish","type":"page","link":"https:\/\/architektenpartner.de\/?page_id=943","title":{"rendered":"AVANTI 2022 &#8211; Neuerungen"},"content":{"rendered":"\n<p><strong>Sicheres technisches Fundament<br>Aktuellstes Entwicklungswerkzeug f\u00fcr Ihre AVA-Software<\/strong><\/p>\n\n\n\n<ul class=\"wp-block-list\">\n<li>In Bauprojekten spielt die Weitergabe von Daten und die Vernetzung von Softwarel\u00f6sungen eine wichtige Rolle. Die Anforderungen in diesem Kontext wachsen insbesondere auch im Zuge der Digitalisierung. Eine moderne AVA-L\u00f6sung muss ein gro\u00dfes Repertoire an Schnittstellen aufweisen und hierbei auch unterschiedlichste Technologien unterst\u00fctzen. Immer h\u00e4ufiger werden heute und in<\/li>\n\n\n\n<li>Zukunft auch cloudbasierte L\u00f6sungen oder Services angebunden. Um diesen Anforderungen k\u00fcnftig gerecht zu werden und aktuelle technologische Entwicklungen leicht in Ihre AVA-Software einflie\u00dfen zu lassen, haben wir mit AVANTI 2022 eine sehr wichtige<\/li>\n\n\n\n<li>Aktualisierung vorgenommen: den Umzug auf die aktuelle Version unserer Entwicklungsumgebung. Damit haben wir die Grundlage geschaffen, um AVANTI auf Basis innovativer Technologien und unter Ber\u00fccksichtigung aktueller Sicherheitsaspekte weiterzuentwickeln.<\/li>\n<\/ul>\n\n\n\n<p><strong>Aktueller Texteditor &#8211; Texte spielen in der AVA eine wichtige Rolle<\/strong><\/p>\n\n\n\n<ol class=\"wp-block-list\">\n<li>Aktueller Texteditor f\u00fcr eine schnelle und einfache Textbearbeitung.<\/li>\n\n\n\n<li><em>Alle Symbole sichtbar und direkt im Zugriff.<\/em><\/li>\n\n\n\n<li>Textformatvorlagen werden mit Ihren Projekten gespeichert.<\/li>\n\n\n\n<li>Schnelles und einfaches Editieren von Texterg\u00e4nzungen.<\/li>\n<\/ol>\n\n\n\n<p><strong>Preisregionen f\u00fcr die \u00dcbernahme aus STLB-Bau und DBD BIM<\/strong><\/p>\n\n\n\n<ol class=\"wp-block-list\">\n<li>In den Systemeinstellungen | Benutzer | EP-Anteile von DBD: <br>Preisregion als Vorgabe f\u00fcr neue Projekte einstellbar.<\/li>\n\n\n\n<li>In den Projekteinstellungen | Mehrwertsteuer und Preise: <br>Preisregion als Vorgabe f\u00fcr neue Bauteile in der Kostenermittlung und gleichzeitig auch f\u00fcr neue LVs einstellbar.<\/li>\n\n\n\n<li>Neue Spalte in der Bauteilliste: <br>DBD-Preisregion bei einem Bauteil aus DBD-BIM editierbar.<\/li>\n\n\n\n<li>Neue Funktion im Befehl &#8222;Block-Zuweisung&#8220; zur Bauteilliste:<br>Preisregion f\u00fcr markierte Bauteile einstellbar.<\/li>\n\n\n\n<li>In den LV-Einstellungen:<br>Preisregion als Vorgabe f\u00fcr neue LV-Positionen einstellbar.<\/li>\n\n\n\n<li>Neue Auswahlm\u00f6glichkeit in der Positionseingabemaske: <br>DBD-Preisregion bei einer Position aus STLB-Bau editierbar.<\/li>\n\n\n\n<li>Neue Funktion im Befehl &#8222;Block-Zuweisung&#8220; zur Positionsliste:<br>Preisregion f\u00fcr markierte LV-Positionen einstellbar.<\/li>\n\n\n\n<li>Neue Funktion im Befehl &#8222;Block STLB-Bau | Sch\u00e4tzpreise aktualisieren&#8220;:<br>Dieser Befehl ber\u00fccksichtigt die DBD-Preisregion, die an der LV-Position eingetragen ist.<\/li>\n<\/ol>\n\n\n\n<h3 class=\"wp-block-heading\"><strong>DBD-BIM-Handover<br>BIM-Workflow: Daten f\u00fcr Bauteile automatisch in AVANTI<\/strong><\/h3>\n\n\n\n<ol class=\"wp-block-list\">\n<li>Qualit\u00e4ten und Kostenannahmen werden aus dem Modell automatisch an AVANTI \u00fcbertragen.<\/li>\n\n\n\n<li>Wichtige Klassifizierungen f\u00fcr sp\u00e4tere Auswertungen kommen bei der \u00dcbernahme direkt mit.<\/li>\n\n\n\n<li>Einfaches Editieren dank des komfortablen Einstiegs in die DBD BIM-Datenbank<\/li>\n<\/ol>\n\n\n\n<h3 class=\"wp-block-heading\"><strong>AVANTIconnect f\u00fcr Autodesk\u00ae Revit\u00ae<\/strong><\/h3>\n\n\n\n<ol class=\"wp-block-list\">\n<li>Nutzen Sie AVANTI im Zusammenspiel mit Autodesk\u00ae Revit\u00ae 2023.<\/li>\n\n\n\n<li>Lesen Sie Revit\u00ae Daten direkt in das AVANTI pro+ Geb\u00e4udemodell ein.<\/li>\n\n\n\n<li>Lassen Sie bereits zugeordnete DBD BIM-Elemente automatisch in AVANTI erzeugen.<\/li>\n<\/ol>\n\n\n\n<h3 class=\"wp-block-heading\"><strong>GRAVA<\/strong><\/h3>\n\n\n\n<ol class=\"wp-block-list\">\n<li>Texte mit Ausrichtung<\/li>\n\n\n\n<li>Neues System zum Anpassender Symbolleisten<\/li>\n\n\n\n<li>Arithmetik im EigenschaftenDialog &#8211; Taschenrechnerfunktionen im Eigenschaften-Dialog<\/li>\n\n\n\n<li>Neue St\u00fcckmarker<\/li>\n\n\n\n<li>Neue Symbole f\u00fcr die Baustelleneinrichtung<\/li>\n\n\n\n<li>Neue Formate f\u00fcr die Ausgabe von Bilddateien (Pl\u00e4ne ausgeben als JPG, PNG, TIF, BMP und EMF)<\/li>\n\n\n\n<li><\/li>\n<\/ol>\n\n\n<div class=\"sdm_download_item \"><div class=\"sdm_download_item_top\"><div class=\"sdm_download_thumbnail\"><img decoding=\"async\" class=\"sdm_download_thumbnail_image\" src=\"https:\/\/architektenpartner.de\/wp-content\/uploads\/2016\/04\/logopdf-e1574942536542.png\" alt = \"AVANTI 2022 &#8211; Neuerungen\" \/><\/div><div class=\"sdm_download_title\">AVANTI 2022 &#8211; Neuerungen<\/div><\/div><div style=\"clear:both;\"><\/div><div class=\"sdm_download_description\"><\/div><div class=\"sdm_download_link\"><span class=\"sdm_download_button\"><a href=\"https:\/\/architektenpartner.de\/?sdm_process_download=1&#038;download_id=1150\" class=\"sdm_download blue\" title=\"AVANTI 2022 &#8211; Neuerungen\" target=\"_self\">Jetzt herunterladen!<\/a><\/span><span class=\"sdm_download_item_count\"><span class=\"sdm_item_count_number\">1222<\/span><span class=\"sdm_item_count_string\"> Downloads<\/span><\/span><\/div><\/div><div class=\"sdm_clear_float\"><\/div>","protected":false},"excerpt":{"rendered":"<p>Sicheres technisches FundamentAktuellstes Entwicklungswerkzeug f\u00fcr Ihre AVA-Software Aktueller Texteditor &#8211; Texte spielen in der AVA eine wichtige Rolle Preisregionen f\u00fcr die \u00dcbernahme aus STLB-Bau und DBD BIM DBD-BIM-HandoverBIM-Workflow: Daten f\u00fcr Bauteile automatisch in AVANTI AVANTIconnect f\u00fcr Autodesk\u00ae Revit\u00ae GRAVA<\/p>\n","protected":false},"author":1,"featured_media":971,"parent":12,"menu_order":3,"comment_status":"closed","ping_status":"closed","template":"","meta":{"footnotes":""},"class_list":["post-943","page","type-page","status-publish","has-post-thumbnail","hentry"],"_links":{"self":[{"href":"https:\/\/architektenpartner.de\/index.php?rest_route=\/wp\/v2\/pages\/943","targetHints":{"allow":["GET"]}}],"collection":[{"href":"https:\/\/architektenpartner.de\/index.php?rest_route=\/wp\/v2\/pages"}],"about":[{"href":"https:\/\/architektenpartner.de\/index.php?rest_route=\/wp\/v2\/types\/page"}],"author":[{"embeddable":true,"href":"https:\/\/architektenpartner.de\/index.php?rest_route=\/wp\/v2\/users\/1"}],"replies":[{"embeddable":true,"href":"https:\/\/architektenpartner.de\/index.php?rest_route=%2Fwp%2Fv2%2Fcomments&post=943"}],"version-history":[{"count":21,"href":"https:\/\/architektenpartner.de\/index.php?rest_route=\/wp\/v2\/pages\/943\/revisions"}],"predecessor-version":[{"id":1163,"href":"https:\/\/architektenpartner.de\/index.php?rest_route=\/wp\/v2\/pages\/943\/revisions\/1163"}],"up":[{"embeddable":true,"href":"https:\/\/architektenpartner.de\/index.php?rest_route=\/wp\/v2\/pages\/12"}],"wp:featuredmedia":[{"embeddable":true,"href":"https:\/\/architektenpartner.de\/index.php?rest_route=\/wp\/v2\/media\/971"}],"wp:attachment":[{"href":"https:\/\/architektenpartner.de\/index.php?rest_route=%2Fwp%2Fv2%2Fmedia&parent=943"}],"curies":[{"name":"wp","href":"https:\/\/api.w.org\/{rel}","templated":true}]}}