{"id":54,"date":"2015-05-04T16:40:45","date_gmt":"2015-05-04T15:40:45","guid":{"rendered":"http:\/\/architektenpartner.de\/?page_id=54"},"modified":"2021-03-05T09:58:23","modified_gmt":"2021-03-05T08:58:23","slug":"pro-report","status":"publish","type":"page","link":"https:\/\/architektenpartner.de\/?page_id=54","title":{"rendered":"pro-Report"},"content":{"rendered":"<p><strong>pro-Report, das mobile Werkzeug f\u00fcr den modernen Planer \/ Bauleiter \/ SiGeKo<\/strong><\/p>\n<p>Mit pro-Report und den wichtigsten mobilen Ger\u00e4ten (iPhone \/iPad \/ Android) erhalten Sie ein sehr effizientes Instrument zur Verwaltung Ihrer Projekte, zur schnellen Protokollierung Ihrer Baustellenberichte \/ Bautageb\u00fccher, zur M\u00e4ngelverfolgung und zur mobilen Organisation Ihres B\u00fcros mit Telefon, mobilem E-Mailing, Kontakt- und Terminverwaltung.<\/p>\n<p>pro-Report sorgt f\u00fcr die l\u00fcckenlose Dokumentation getreu dem bew\u00e4hrten Motto: &nbsp;&#8222;Wer schreibt, der bleibt!&#8220;<a href=\"https:\/\/architektenpartner.de\/wp-content\/uploads\/2015\/05\/prp-pc-mangeldetail.gif\"><img loading=\"lazy\" decoding=\"async\" class=\"size-full wp-image-68 alignleft\" src=\"https:\/\/architektenpartner.de\/wp-content\/uploads\/2015\/05\/prp-pc-mangeldetail.gif\" alt=\"prp-pc-mangeldetail\" width=\"620\" height=\"465\"><\/a><\/p>\n<p><img loading=\"lazy\" decoding=\"async\" class=\"size-medium wp-image-276 alignleft\" src=\"https:\/\/architektenpartner.de\/wp-content\/uploads\/2015\/05\/ipad_prorep_460-220x300.gif\" alt=\"ipad_prorep_460\" width=\"220\" height=\"300\"><\/p>\n<p>&nbsp;<\/p>\n<p>&nbsp;<\/p>\n<p>&nbsp;<\/p>\n<p>&nbsp;<\/p>\n","protected":false},"excerpt":{"rendered":"<p>pro-Report, das mobile Werkzeug f\u00fcr den modernen Planer \/ Bauleiter \/ SiGeKo Mit pro-Report und den wichtigsten mobilen Ger\u00e4ten (iPhone \/iPad \/ Android) erhalten Sie ein sehr effizientes Instrument zur Verwaltung Ihrer Projekte, zur schnellen Protokollierung Ihrer Baustellenberichte \/ Bautageb\u00fccher, zur M\u00e4ngelverfolgung und zur mobilen Organisation Ihres B\u00fcros mit Telefon, mobilem E-Mailing, Kontakt- und Terminverwaltung. [&hellip;]<\/p>\n","protected":false},"author":1,"featured_media":0,"parent":18,"menu_order":1,"comment_status":"closed","ping_status":"closed","template":"","meta":{"footnotes":""},"class_list":["post-54","page","type-page","status-publish","hentry"],"_links":{"self":[{"href":"https:\/\/architektenpartner.de\/index.php?rest_route=\/wp\/v2\/pages\/54","targetHints":{"allow":["GET"]}}],"collection":[{"href":"https:\/\/architektenpartner.de\/index.php?rest_route=\/wp\/v2\/pages"}],"about":[{"href":"https:\/\/architektenpartner.de\/index.php?rest_route=\/wp\/v2\/types\/page"}],"author":[{"embeddable":true,"href":"https:\/\/architektenpartner.de\/index.php?rest_route=\/wp\/v2\/users\/1"}],"replies":[{"embeddable":true,"href":"https:\/\/architektenpartner.de\/index.php?rest_route=%2Fwp%2Fv2%2Fcomments&post=54"}],"version-history":[{"count":6,"href":"https:\/\/architektenpartner.de\/index.php?rest_route=\/wp\/v2\/pages\/54\/revisions"}],"predecessor-version":[{"id":915,"href":"https:\/\/architektenpartner.de\/index.php?rest_route=\/wp\/v2\/pages\/54\/revisions\/915"}],"up":[{"embeddable":true,"href":"https:\/\/architektenpartner.de\/index.php?rest_route=\/wp\/v2\/pages\/18"}],"wp:attachment":[{"href":"https:\/\/architektenpartner.de\/index.php?rest_route=%2Fwp%2Fv2%2Fmedia&parent=54"}],"curies":[{"name":"wp","href":"https:\/\/api.w.org\/{rel}","templated":true}]}}