{"id":20,"date":"2015-05-04T14:37:42","date_gmt":"2015-05-04T13:37:42","guid":{"rendered":"http:\/\/architektenpartner.de\/?page_id=20"},"modified":"2021-06-10T10:16:03","modified_gmt":"2021-06-10T09:16:03","slug":"baudaten","status":"publish","type":"page","link":"https:\/\/architektenpartner.de\/?page_id=20","title":{"rendered":"BAUDATEN"},"content":{"rendered":"<p><strong>Was w\u00e4re ein AVA-System ohne Inhalte?<\/strong><\/p>\n<p>Ein noch so gutes AVA-System kann den Planer nur so erfolgreich machen, wie er seine Ausschreibungen erstellt. Schlie\u00dflich macht ja die AVA-Software nicht anderes als Massen, Kostengruppen, Preise und Texte sehr intelligent zu verwalten. F\u00fcr die Inhalte ist der Planer immer selbst verantwortlich. Stellt sich die Frage, wie der Planer zu den Inhalten kommt und wie er sein Know-how auf dem aktuellen Stand h\u00e4lt.<\/p>\n<p>Jedes hier vorgestellte System hat seine eigenen Vorz\u00fcge. Alle Textsysteme k\u00f6nnen in CIP \/ AVANTI \u00a0integriert werden.<\/p>\n<p><strong>1. <a href=\"https:\/\/architektenpartner.de\/?page_id=114\">STLB-Bau Dynamische BauDaten<\/a><\/strong> ist das System f\u00fcr die Leistungsbeschreibung im Bauwesen. Es wird aufgestellt vom GAEB, datentechnisch umgesetzt von Dr. Schiller &amp; Partner und herausgegeben vom DIN.<\/p>\n<p>2. Die <strong>sirAdos Ausschreibungstexte<\/strong> sind mit den Kostengruppen der DIN 276, Zeitwerten und mit topaktuellen \u201evon-mittel-bis&#8220;-Baupreisen ausgestattet. Die Elemente und Vorbemerkungen runden das Datenangebot ab und bilden die Basis f\u00fcr professionelles Arbeiten. Durch regelm\u00e4\u00dfige Erweiterungen werden neue Leistungen zeitnah in den Bereichen Neubau, Nichtwohnungsbau und Altbau\/Bauen im Bestand garantieren<\/p>\n","protected":false},"excerpt":{"rendered":"<p>Was w\u00e4re ein AVA-System ohne Inhalte? Ein noch so gutes AVA-System kann den Planer nur so erfolgreich machen, wie er seine Ausschreibungen erstellt. Schlie\u00dflich macht ja die AVA-Software nicht anderes als Massen, Kostengruppen, Preise und Texte sehr intelligent zu verwalten. F\u00fcr die Inhalte ist der Planer immer selbst verantwortlich. Stellt sich die Frage, wie der [&hellip;]<\/p>\n","protected":false},"author":1,"featured_media":0,"parent":0,"menu_order":6,"comment_status":"closed","ping_status":"closed","template":"","meta":{"footnotes":""},"class_list":["post-20","page","type-page","status-publish","hentry"],"_links":{"self":[{"href":"https:\/\/architektenpartner.de\/index.php?rest_route=\/wp\/v2\/pages\/20","targetHints":{"allow":["GET"]}}],"collection":[{"href":"https:\/\/architektenpartner.de\/index.php?rest_route=\/wp\/v2\/pages"}],"about":[{"href":"https:\/\/architektenpartner.de\/index.php?rest_route=\/wp\/v2\/types\/page"}],"author":[{"embeddable":true,"href":"https:\/\/architektenpartner.de\/index.php?rest_route=\/wp\/v2\/users\/1"}],"replies":[{"embeddable":true,"href":"https:\/\/architektenpartner.de\/index.php?rest_route=%2Fwp%2Fv2%2Fcomments&post=20"}],"version-history":[{"count":5,"href":"https:\/\/architektenpartner.de\/index.php?rest_route=\/wp\/v2\/pages\/20\/revisions"}],"predecessor-version":[{"id":1113,"href":"https:\/\/architektenpartner.de\/index.php?rest_route=\/wp\/v2\/pages\/20\/revisions\/1113"}],"wp:attachment":[{"href":"https:\/\/architektenpartner.de\/index.php?rest_route=%2Fwp%2Fv2%2Fmedia&parent=20"}],"curies":[{"name":"wp","href":"https:\/\/api.w.org\/{rel}","templated":true}]}}