{"id":16,"date":"2015-05-04T14:35:08","date_gmt":"2015-05-04T13:35:08","guid":{"rendered":"http:\/\/architektenpartner.de\/?page_id=16"},"modified":"2024-04-15T07:51:12","modified_gmt":"2024-04-15T06:51:12","slug":"bestandserfassung","status":"publish","type":"page","link":"https:\/\/architektenpartner.de\/?page_id=16","title":{"rendered":"BESTANDSERFASSUNG"},"content":{"rendered":"<h6><strong>Schnell und exakt: Unsere CAD-Bestandserfassung<\/strong><\/h6>\n<p>Voraussetzung f\u00fcr eine Planung im Bestand oder f\u00fcr das Facility Management sind korrekte Bestandsgrundlagen. Sie haben immer noch alte Papierzeichnungen in Ihrem Bestand und m\u00f6chten diese in Ihrem aktuellen CAD- oder FM-System nutzen? Sie legen Wert auf hohe Genauigkeit und durchg\u00e4ngige Bearbeitung?<\/p>\n<h6><b>Dann sind Sie bei uns genau richtig!<\/b><\/h6>\n<p>Wir bieten Ihnen schnelle uns exakte CAD-Bestanderfassung in den Bereichen Architektur, Geb\u00e4udetechnik und Infrastrukturplanung (z.B. Fl\u00e4chennutzungspl\u00e4ne). Da das einfache Digitalisieren von Zeichnungen qualitativ oft nicht ausreicht, um eine durchg\u00e4ngige Datenpflege und -analyse Ihrer Geb\u00e4ude \/ Planungen zu erm\u00f6glichen, erfassen wir Ihre Daten in 2D oder 3D mit AutoCAD, AutoCAD Architecture, \u00a0oder mit Autodesk Revit Architecture oder mit Archicad. Aufgrund unserer Erfahrungen aus Projekten mit insgesamt \u00fcber 450.000 m2 Nutzfl\u00e4che f\u00fcr namhafte Kommunen und Industrieunternehmen k\u00f6nnen wir Ihnen professionellen Service und faire Preise garantieren.<br \/>\nWir bieten auch Komplettl\u00f6sungen in diesen Bereichen und stellen Ihnen gerne unsere Softwarepalette und unsere Dienstleistungen vor.<\/p>\n<h6><b>Was kostet unsere CAD-Bestandserfassung?<\/b><\/h6>\n<p>Je nach Umfang und Sichtung des Projekts vereinbaren wir einen Tages- bzw. Stundensatz, eine m2-Pauschale auf Basis der erfassten Fl\u00e4chen oder auch eine Gesamtpauschale.<\/p>\n<p><img loading=\"lazy\" decoding=\"async\" class=\"alignnone wp-image-38 size-medium\" src=\"https:\/\/architektenpartner.de\/wp-content\/uploads\/2015\/05\/faroscanner_460-300x137.jpg\" alt=\"faroscanner_460\" width=\"300\" height=\"137\" srcset=\"https:\/\/architektenpartner.de\/wp-content\/uploads\/2015\/05\/faroscanner_460-300x137.jpg 300w, https:\/\/architektenpartner.de\/wp-content\/uploads\/2015\/05\/faroscanner_460.jpg 460w\" sizes=\"auto, (max-width: 300px) 100vw, 300px\" \/><\/p>\n<p><b>Laserscanning mit FARO Focus 3D<\/b><\/p>\n<p>Wir haben unser Portfolio erweitert und bieten neben der Software zur Punktwolkenbearbeitung inkl. CAD auch die Laser Scanner von FARO an \u2013 gepaart mit einem Full-Service, der neben den Scans und der Aufbereitung der Punktwolken auch die weitere Verarbeitung sowie eine komplette Datenerfassung im CAD beinhaltet.<br \/>\nOb ein Vollaufma\u00df mit Laserscanner notwendig bzw. sinnvoll ist oder ggf. eine Aufma\u00dfpr\u00fcfung vor Ort mit konventionellen Mitteln ausreicht, ist in der Regel von den Anforderungen an das jeweilige Projekt abh\u00e4ngig.<br \/>\nVor der Datenerfassung sollten das Zielformat (RVT, IFC, DWG, PDF) , die Anzahl der Nutzer (Webshare), die CAD-Struktur sowie das eingesetzten Systeme Autodesk Revit, Archicad\u00a0 \u00a0in einem Workshop genau festgelegt werden. Dies sorgt f\u00fcr eine standardisierte Datenstruktur und spart erheblich an Kosten.<\/p>\n<h6><strong>REFERENZEN<\/strong><\/h6>\n<p><img loading=\"lazy\" decoding=\"async\" class=\"alignleft wp-image-859\" src=\"https:\/\/architektenpartner.de\/wp-content\/uploads\/2017\/04\/240px-Logo_der_Bayer_AG.svg_-150x150.png\" alt=\"\" width=\"65\" height=\"65\" \/><img loading=\"lazy\" decoding=\"async\" class=\"alignleft size-full wp-image-743\" src=\"https:\/\/architektenpartner.de\/wp-content\/uploads\/2019\/03\/Logo_SAP-e1552904777981.png\" alt=\"\" width=\"136\" height=\"65\" \/><\/p>\n<p><a href=\"https:\/\/architektenpartner.de\/wp-content\/uploads\/2019\/03\/Logo_thyssenkrupp-e1552904470317.png\"><img loading=\"lazy\" decoding=\"async\" class=\"alignleft size-full wp-image-739\" src=\"https:\/\/architektenpartner.de\/wp-content\/uploads\/2019\/03\/Logo_thyssenkrupp-e1552904470317.png\" alt=\"\" width=\"97\" height=\"65\" \/><\/a><\/p>\n<p><img loading=\"lazy\" decoding=\"async\" class=\"alignleft wp-image-732 size-full\" src=\"https:\/\/architektenpartner.de\/wp-content\/uploads\/2019\/03\/Logo_HartmannAG-e1552904338670.jpg\" alt=\"\" width=\"113\" height=\"65\" \/><img loading=\"lazy\" decoding=\"async\" class=\"alignleft wp-image-609\" src=\"https:\/\/architektenpartner.de\/wp-content\/uploads\/2015\/05\/logo_amazon.bmp\" width=\"232\" height=\"65\" \/><img loading=\"lazy\" decoding=\"async\" class=\"alignleft wp-image-610\" src=\"https:\/\/architektenpartner.de\/wp-content\/uploads\/2015\/05\/logo_sv.bmp\" width=\"228\" height=\"65\" \/><img loading=\"lazy\" decoding=\"async\" class=\"wp-image-632 alignleft\" src=\"https:\/\/architektenpartner.de\/wp-content\/uploads\/2015\/05\/logo_gud.jpg\" width=\"220\" height=\"65\" srcset=\"https:\/\/architektenpartner.de\/wp-content\/uploads\/2015\/05\/logo_gud.jpg 1417w, https:\/\/architektenpartner.de\/wp-content\/uploads\/2015\/05\/logo_gud-150x44.jpg 150w, https:\/\/architektenpartner.de\/wp-content\/uploads\/2015\/05\/logo_gud-300x88.jpg 300w, https:\/\/architektenpartner.de\/wp-content\/uploads\/2015\/05\/logo_gud-1024x302.jpg 1024w\" sizes=\"auto, (max-width: 220px) 100vw, 220px\" \/><a href=\"https:\/\/architektenpartner.de\/wp-content\/uploads\/2015\/05\/logo_tk.bmp\"><br \/>\n<\/a><\/p>\n<p><img loading=\"lazy\" decoding=\"async\" class=\"alignleft size-full wp-image-741\" src=\"https:\/\/architektenpartner.de\/wp-content\/uploads\/2019\/03\/logo_mafell-e1552904580489.png\" alt=\"\" width=\"224\" height=\"65\" \/> <img loading=\"lazy\" decoding=\"async\" class=\"size-full wp-image-1267 alignleft\" src=\"https:\/\/architektenpartner.de\/wp-content\/uploads\/2024\/04\/FESTO-e1713163854713.jpg\" alt=\"\" width=\"220\" height=\"56\" srcset=\"https:\/\/architektenpartner.de\/wp-content\/uploads\/2024\/04\/FESTO-e1713163854713.jpg 220w, https:\/\/architektenpartner.de\/wp-content\/uploads\/2024\/04\/FESTO-e1713163854713-150x38.jpg 150w\" sizes=\"auto, (max-width: 220px) 100vw, 220px\" \/><\/p>\n","protected":false},"excerpt":{"rendered":"<p>Schnell und exakt: Unsere CAD-Bestandserfassung Voraussetzung f\u00fcr eine Planung im Bestand oder f\u00fcr das Facility Management sind korrekte Bestandsgrundlagen. Sie haben immer noch alte Papierzeichnungen in Ihrem Bestand und m\u00f6chten diese in Ihrem aktuellen CAD- oder FM-System nutzen? Sie legen Wert auf hohe Genauigkeit und durchg\u00e4ngige Bearbeitung? Dann sind Sie bei uns genau richtig! Wir [&hellip;]<\/p>\n","protected":false},"author":1,"featured_media":608,"parent":0,"menu_order":1,"comment_status":"closed","ping_status":"closed","template":"","meta":{"footnotes":""},"class_list":["post-16","page","type-page","status-publish","has-post-thumbnail","hentry"],"_links":{"self":[{"href":"https:\/\/architektenpartner.de\/index.php?rest_route=\/wp\/v2\/pages\/16","targetHints":{"allow":["GET"]}}],"collection":[{"href":"https:\/\/architektenpartner.de\/index.php?rest_route=\/wp\/v2\/pages"}],"about":[{"href":"https:\/\/architektenpartner.de\/index.php?rest_route=\/wp\/v2\/types\/page"}],"author":[{"embeddable":true,"href":"https:\/\/architektenpartner.de\/index.php?rest_route=\/wp\/v2\/users\/1"}],"replies":[{"embeddable":true,"href":"https:\/\/architektenpartner.de\/index.php?rest_route=%2Fwp%2Fv2%2Fcomments&post=16"}],"version-history":[{"count":17,"href":"https:\/\/architektenpartner.de\/index.php?rest_route=\/wp\/v2\/pages\/16\/revisions"}],"predecessor-version":[{"id":1269,"href":"https:\/\/architektenpartner.de\/index.php?rest_route=\/wp\/v2\/pages\/16\/revisions\/1269"}],"wp:featuredmedia":[{"embeddable":true,"href":"https:\/\/architektenpartner.de\/index.php?rest_route=\/wp\/v2\/media\/608"}],"wp:attachment":[{"href":"https:\/\/architektenpartner.de\/index.php?rest_route=%2Fwp%2Fv2%2Fmedia&parent=16"}],"curies":[{"name":"wp","href":"https:\/\/api.w.org\/{rel}","templated":true}]}}