{"id":14,"date":"2025-05-04T14:34:50","date_gmt":"2025-05-04T13:34:50","guid":{"rendered":"http:\/\/architektenpartner.de\/?page_id=14"},"modified":"2025-11-17T10:41:02","modified_gmt":"2025-11-17T09:41:02","slug":"caadbim","status":"publish","type":"page","link":"https:\/\/architektenpartner.de\/?page_id=14","title":{"rendered":"BIM &#8211; REVIT 2026"},"content":{"rendered":"<h2 class=\"h2 section_title d-block\">Die L\u00f6sung f\u00fcr Building Information Modeling<\/h2>\n<p><strong>Autodesk Revit <\/strong>wurde speziell f\u00fcr die modellbasierte Planung auf Basis der BIM-Methodik entwickelt. Die Software hilft Ihnen, Ihre Entwurfsideen festzuhalten und Ihre Vision \u00fcber den gesamten Entwurfs-, Planungs- und Bauprozess zu verfolgen. Mit Revit k\u00f6nnen Architekten, Planer, Ingenieure und Bauunternehmer rechtzeitig die richtigen Entscheidungen treffen und Projekte effizienter realisieren. Nutzen Sie BIM-Daten zur nachhaltigen Planung, Kollisionserkennung, Entwurfs- und Ausf\u00fchrungsplanung und Fertigung sowie zur Zusammenarbeit mit allen Beteiligten in einem integrierten Prozess<\/p>\n<p><img loading=\"lazy\" decoding=\"async\" class=\"alignleft wp-image-594\" src=\"https:\/\/architektenpartner.de\/wp-content\/uploads\/2015\/05\/autodesk-revit-bim-datenbank.jpg\" alt=\"autodesk-revit-bim-datenbank\" width=\"416\" height=\"312\" srcset=\"https:\/\/architektenpartner.de\/wp-content\/uploads\/2015\/05\/autodesk-revit-bim-datenbank.jpg 479w, https:\/\/architektenpartner.de\/wp-content\/uploads\/2015\/05\/autodesk-revit-bim-datenbank-150x112.jpg 150w, https:\/\/architektenpartner.de\/wp-content\/uploads\/2015\/05\/autodesk-revit-bim-datenbank-300x225.jpg 300w\" sizes=\"auto, (max-width: 416px) 100vw, 416px\" \/><\/p>\n<p>\u00a0<\/p>\n\n\n<p><\/p>\n","protected":false},"excerpt":{"rendered":"<p>Die L\u00f6sung f\u00fcr Building Information Modeling Autodesk Revit wurde speziell f\u00fcr die modellbasierte Planung auf Basis der BIM-Methodik entwickelt. Die Software hilft Ihnen, Ihre Entwurfsideen festzuhalten und Ihre Vision \u00fcber den gesamten Entwurfs-, Planungs- und Bauprozess zu verfolgen. Mit Revit k\u00f6nnen Architekten, Planer, Ingenieure und Bauunternehmer rechtzeitig die richtigen Entscheidungen treffen und Projekte effizienter realisieren. [&hellip;]<\/p>\n","protected":false},"author":1,"featured_media":969,"parent":0,"menu_order":2,"comment_status":"closed","ping_status":"closed","template":"","meta":{"footnotes":""},"class_list":["post-14","page","type-page","status-publish","has-post-thumbnail","hentry"],"_links":{"self":[{"href":"https:\/\/architektenpartner.de\/index.php?rest_route=\/wp\/v2\/pages\/14","targetHints":{"allow":["GET"]}}],"collection":[{"href":"https:\/\/architektenpartner.de\/index.php?rest_route=\/wp\/v2\/pages"}],"about":[{"href":"https:\/\/architektenpartner.de\/index.php?rest_route=\/wp\/v2\/types\/page"}],"author":[{"embeddable":true,"href":"https:\/\/architektenpartner.de\/index.php?rest_route=\/wp\/v2\/users\/1"}],"replies":[{"embeddable":true,"href":"https:\/\/architektenpartner.de\/index.php?rest_route=%2Fwp%2Fv2%2Fcomments&post=14"}],"version-history":[{"count":43,"href":"https:\/\/architektenpartner.de\/index.php?rest_route=\/wp\/v2\/pages\/14\/revisions"}],"predecessor-version":[{"id":1386,"href":"https:\/\/architektenpartner.de\/index.php?rest_route=\/wp\/v2\/pages\/14\/revisions\/1386"}],"wp:featuredmedia":[{"embeddable":true,"href":"https:\/\/architektenpartner.de\/index.php?rest_route=\/wp\/v2\/media\/969"}],"wp:attachment":[{"href":"https:\/\/architektenpartner.de\/index.php?rest_route=%2Fwp%2Fv2%2Fmedia&parent=14"}],"curies":[{"name":"wp","href":"https:\/\/api.w.org\/{rel}","templated":true}]}}