{"id":1343,"date":"2025-01-09T10:59:21","date_gmt":"2025-01-09T09:59:21","guid":{"rendered":"https:\/\/architektenpartner.de\/?page_id=1343"},"modified":"2025-11-19T19:25:21","modified_gmt":"2025-11-19T18:25:21","slug":"avanti-2025-neuerungen","status":"publish","type":"page","link":"https:\/\/architektenpartner.de\/?page_id=1343","title":{"rendered":"AVANTI 2026 &#8211; Neuerungen"},"content":{"rendered":"\n<figure class=\"wp-block-image size-full\"><img loading=\"lazy\" decoding=\"async\" width=\"530\" height=\"231\" src=\"https:\/\/architektenpartner.de\/wp-content\/uploads\/2024\/08\/AVANTI_2026_Neuerungen.png\" alt=\"\" class=\"wp-image-1372\" srcset=\"https:\/\/architektenpartner.de\/wp-content\/uploads\/2024\/08\/AVANTI_2026_Neuerungen.png 530w, https:\/\/architektenpartner.de\/wp-content\/uploads\/2024\/08\/AVANTI_2026_Neuerungen-300x131.png 300w, https:\/\/architektenpartner.de\/wp-content\/uploads\/2024\/08\/AVANTI_2026_Neuerungen-150x65.png 150w, https:\/\/architektenpartner.de\/wp-content\/uploads\/2024\/08\/AVANTI_2026_Neuerungen-24x10.png 24w\" sizes=\"auto, (max-width: 530px) 100vw, 530px\" \/><\/figure>\n\n\n\n<p>Inhaltsverzeichens PDF<\/p>\n\n\n\n<p>M\u00e4ngel im Blick \u2013 Einbehalte einfach im Projekt steuern . . . . . . . . . . . . . . . . . . . . . . . . . . . . . . . . . . . . . . . 4<br>Die neue Adressverwaltung: schnell, einfach, \u00fcbersichtlich . . . . . . . . . . . . . . . . . . . . . . . . . . . . . . . . . . . . . 6<br>Mengen erfassen leicht gemacht \u2013 GRAVA connect jetzt in AVANTI . . . . . . . . . . . . . . . . . . . . . . . . . . . . . . 8<br>E-Rechnungen einfach exportieren . . . . . . . . . . . . . . . . . . . . . . . . . . . . . . . . . . . . . . . . . . . . . . . . . . . . . . . . . 10<br>IFC-Import auf einem neuen Level . . . . . . . . . . . . . . . . . . . . . . . . . . . . . . . . . . . . . . . . . . . . . . . . . . . . . . . . . . 12<br>AVANTI connect Plug-in f\u00fcr Autodesk\u00ae Revit\u00ae 2026 . . . . . . . . . . . . . . . . . . . . . . . . . . . . . . . . . . . . . . . . . . . 14<br>\u00c4nderungen und Anpassungen AVANTI 2026 . . . . . . . . . . . . . . . . . . . . . . . . . . . . . . . . . . . . . . . . . . . . . . . . . 16<br>GRAVA: Absetzen von \u00d6ffnungsbauteilen \u00fcber \u00d6ffnungsoberkante bei Architekturmarkern . . . . . . . . . . 18<br>GRAVA: Dunkle Benutzeroberfl\u00e4che . . . . . . . . . . . . . . . . . . . . . . . . . . . . . . . . . . . . . . . . . . . . . . . . . . . . . . . . 19<br>GRAVA: Registerkarten f\u00fcr Ihre Aufma\u00dfzeichnungen . . . . . . . . . . . . . . . . . . . . . . . . . . . . . . . . . . . . . . . . . . 20<br>GRAVA: Import von DWG\/DXF mit Bl\u00f6cken . . . . . . . . . . . . . . . . . . . . . . . . . . . . . . . . . . . . . . . . . . . . . . . . . . . 21<br>GRAVA: Erweiterung des Folienmanagers . . . . . . . . . . . . . . . . . . . . . . . . . . . . . . . . . . . . . . . . . . . . . . . . . . . . 22<\/p>\n\n\n\n<p><\/p>\n\n\n\n<p>\u00c4nderungen und Anpassungen AVANTI 2026<br><strong>Ihre R\u00fcckmeldungen aus der Praxis.<\/strong><\/p>\n\n\n\n<p>Neben den gro\u00dfen Neuerungen hat die aktuelle AVANTI-Version seit dem letzten Major-Release auch<br>eine Vielzahl an laufenden Verbesserungen erhalten, die direkt aus R\u00fcckmeldungen unserer<br>Anwender entstanden sind. Viele davon erleichtern den Alltag sp\u00fcrbar und machen Prozesse noch<br>effizienter. <br>Eine Auswahl der wichtigsten Anpassungen haben wir hier nochmals f\u00fcr Sie<br>zusammengestellt:<br><\/p>\n\n\n\n<p><strong>Berechnungszeilen verschieben<\/strong><br>Im Desktop Aufma\u00dfe lassen sich Berechnungszeilen nun flexibel verschieben \u2013 so bleibt die<br>Struktur \u00fcbersichtlich und \u00c4nderungen sind schneller erledigt.<br><\/p>\n\n\n\n<p><strong>Vergabeeinheit sichtbar<\/strong><br>Im Tree externer Projekte wird am LV nun auch die Vergabeeinheit angezeigt \u2013 ein Plus an<br>Transparenz bei der Arbeit mit Fremddaten.<br><\/p>\n\n\n\n<p><strong>Neue Icons f\u00fcr AUSSCHREIBEN.DE<\/strong><br>Der Aufruf von AUSSCHREIBEN.DE wurde mit klaren Toolbar- und Kontextmen\u00fc-Icons erg\u00e4nzt, die<br>die Bedienung deutlich intuitiver machen.<br><\/p>\n\n\n\n<p><strong>Heinze BauOffice Anbindung erweitert<\/strong><br>Teilleistungen an Bauteilen oder Katalogen k\u00f6nnen nun auch direkt aus Heinze BauOffice<br>\u00fcbernommen werden.<br><\/p>\n\n\n\n<p><strong>Editierbarer Kurztext f\u00fcr DBD-BIM-Bauteile<\/strong><br>In der Bauteilliste lassen sich Kurztexte an DBD-BIM-Bauteilen direkt bearbeiten \u2013 das spart Klicks<br>und macht die Pflege einfacher.<br><\/p>\n\n\n\n<p><strong>Tabellenfunktion im Langtexteditor<\/strong><br>Im Langtexteditor der Positionen steht jetzt ein Tabellen-Icon zur Verf\u00fcgung \u2013 f\u00fcr eine<br>strukturierte Darstellung von Texten und Mengenangaben.<br><\/p>\n\n\n\n<p><strong>Projektliste mit zus\u00e4tzlichen Spalten<\/strong><br>Spalten wie Abteilung oder Amt k\u00f6nnen in der Projektliste projektspezifisch gespeichert werden \u2013<br>so hat jedes Projekt die passende \u00dcbersicht.<\/p>\n\n\n\n<p><strong>Vorschau beim Projektimport<\/strong><br>Beim Import gesicherter Projekte wird nun eine Vorschau der Projekteinstellungen angezeigt,<br>bevor das Projekt \u00fcbernommen wird.<br><\/p>\n\n\n\n<p><strong>Druckausgabe Preisspiegel erweitert<\/strong><br>F\u00fcr Bietertexterg\u00e4nzungen wurden neue Drucklayouts erg\u00e4nzt (Hochformat 5 Bieter, Querformat<br>\u00dcbersicht, A3) \u2013 f\u00fcr mehr Flexibilit\u00e4t in der Auswertung.<br><\/p>\n\n\n\n<p><strong>Assistent f\u00fcr externe Pfade<\/strong><br>Mit dem Assistenten lassen sich externe Dateien direkt in die gew\u00fcnschten Zielverzeichnisse<br>kopieren \u2013 komfortabel und sicher<\/p>\n\n\n\n<p><\/p>\n\n\n<div class=\"sdm_download_item \"><div class=\"sdm_download_item_top\"><div class=\"sdm_download_thumbnail\"><img decoding=\"async\" class=\"sdm_download_thumbnail_image\" src=\"http:\/\/architektenpartner.de\/wp-content\/uploads\/2016\/04\/logopdf-e1574942536542.png\" alt = \"AVANTI 2026 &#8211; Neuerungen\" \/><\/div><div class=\"sdm_download_title\">AVANTI 2026 &#8211; Neuerungen<\/div><\/div><div style=\"clear:both;\"><\/div><div class=\"sdm_download_description\"><\/div><div class=\"sdm_download_link\"><span class=\"sdm_download_button\"><a href=\"https:\/\/architektenpartner.de\/?sdm_process_download=1&download_id=1377\" class=\"sdm_download blue\" title=\"AVANTI 2026 &#8211; Neuerungen\" target=\"_self\">Jetzt herunterladen!<\/a><\/span><span class=\"sdm_download_item_count\"><span class=\"sdm_item_count_number\">242<\/span><span class=\"sdm_item_count_string\"> Downloads<\/span><\/span><\/div><\/div><div class=\"sdm_clear_float\"><\/div>\n\n\n\n<p><a href=\"https:\/\/hilfe.softtech.de\/display\/AW\/Systemvoraussetzungen\" target=\"_blank\" rel=\"noreferrer noopener nofollow\">Systemvoraussetzungen &#8211; AVANTI WIKI &#8211; SOFTTECH GmbH Hilfe<\/a><\/p>\n\n\n\n<p><\/p>\n","protected":false},"excerpt":{"rendered":"<p>Inhaltsverzeichens PDF M\u00e4ngel im Blick \u2013 Einbehalte einfach im Projekt steuern . . . . . . . . . . . . . . . . . . . . . . . . . . . . . . . . . . . . . . . 4Die neue Adressverwaltung: schnell, einfach, [&hellip;]<\/p>\n","protected":false},"author":1,"featured_media":0,"parent":12,"menu_order":0,"comment_status":"closed","ping_status":"closed","template":"","meta":{"footnotes":""},"class_list":["post-1343","page","type-page","status-publish","hentry"],"_links":{"self":[{"href":"https:\/\/architektenpartner.de\/index.php?rest_route=\/wp\/v2\/pages\/1343","targetHints":{"allow":["GET"]}}],"collection":[{"href":"https:\/\/architektenpartner.de\/index.php?rest_route=\/wp\/v2\/pages"}],"about":[{"href":"https:\/\/architektenpartner.de\/index.php?rest_route=\/wp\/v2\/types\/page"}],"author":[{"embeddable":true,"href":"https:\/\/architektenpartner.de\/index.php?rest_route=\/wp\/v2\/users\/1"}],"replies":[{"embeddable":true,"href":"https:\/\/architektenpartner.de\/index.php?rest_route=%2Fwp%2Fv2%2Fcomments&post=1343"}],"version-history":[{"count":16,"href":"https:\/\/architektenpartner.de\/index.php?rest_route=\/wp\/v2\/pages\/1343\/revisions"}],"predecessor-version":[{"id":1397,"href":"https:\/\/architektenpartner.de\/index.php?rest_route=\/wp\/v2\/pages\/1343\/revisions\/1397"}],"up":[{"embeddable":true,"href":"https:\/\/architektenpartner.de\/index.php?rest_route=\/wp\/v2\/pages\/12"}],"wp:attachment":[{"href":"https:\/\/architektenpartner.de\/index.php?rest_route=%2Fwp%2Fv2%2Fmedia&parent=1343"}],"curies":[{"name":"wp","href":"https:\/\/api.w.org\/{rel}","templated":true}]}}