{"id":1277,"date":"2024-08-15T15:00:51","date_gmt":"2024-08-15T14:00:51","guid":{"rendered":"https:\/\/architektenpartner.de\/?page_id=1277"},"modified":"2025-01-09T11:43:40","modified_gmt":"2025-01-09T10:43:40","slug":"avanti-2024-neuheiten","status":"publish","type":"page","link":"https:\/\/architektenpartner.de\/?page_id=1277","title":{"rendered":"AVANTI 2024 &#8211; Neuerungen"},"content":{"rendered":"\n<p><\/p>\n\n\n\n<p><img loading=\"lazy\" decoding=\"async\" width=\"200\" height=\"90\" class=\"wp-image-1292\" style=\"width: 200px;\" src=\"https:\/\/architektenpartner.de\/wp-content\/uploads\/2024\/08\/AVANTI_2024_Neuerungen.png\" alt=\"\" srcset=\"https:\/\/architektenpartner.de\/wp-content\/uploads\/2024\/08\/AVANTI_2024_Neuerungen.png 1073w, https:\/\/architektenpartner.de\/wp-content\/uploads\/2024\/08\/AVANTI_2024_Neuerungen-300x136.png 300w, https:\/\/architektenpartner.de\/wp-content\/uploads\/2024\/08\/AVANTI_2024_Neuerungen-1024x463.png 1024w, https:\/\/architektenpartner.de\/wp-content\/uploads\/2024\/08\/AVANTI_2024_Neuerungen-150x68.png 150w, https:\/\/architektenpartner.de\/wp-content\/uploads\/2024\/08\/AVANTI_2024_Neuerungen-768x350.png 768w\" sizes=\"auto, (max-width: 200px) 100vw, 200px\" \/><strong> <\/strong><\/p>\n\n\n\n<p><\/p>\n\n\n\n<ol start=\"1\" class=\"wp-block-list\">\n<li style=\"font-size:26px\">Effiziente Kostenkontrolle leicht gemacht: Prozentuale Kostenverteilung f\u00fcr Ihr Bauprojekt<\/li>\n\n\n\n<li style=\"font-size:26px\">Bereit f\u00fcr neue Rechnungsprozesse: Digitale Rechnungen leicht gemacht  E-Rechnung \/ X-Rechnung Export &amp; Import<\/li>\n\n\n\n<li style=\"font-size:26px\">Optimierte Kostenermittlung f\u00fcr Ihre Bauprojekte Datenaustausch per X51 und direkte Anbindung an Datenlieferanten<\/li>\n\n\n\n<li style=\"font-size:26px\">AVANTI connect f\u00fcr Autodesk\u00ae Revit\u00ae 2025<\/li>\n<\/ol>\n\n\n\n<p>in K\u00fcrze mehr !  Bilder <\/p>\n\n\n\n<p><\/p>\n\n\n\n<p class=\"has-medium-font-size\"><\/p>\n\n\n\n<p><\/p>\n\n\n\n<p class=\"has-medium-font-size\"><strong>Inhaltsverzeichnis  PDF<\/strong><\/p>\n\n\n\n<p style=\"font-size:15px\"><br>Effiziente Kostenkontrolle leicht gemacht: Prozentuale Kostenverteilung f\u00fcr Ihr Bauprojekt . . . . . . . . . . 4<br>Bereit f\u00fcr neue Rechnungsprozesse: Digitale Rechnungen leicht gemacht . . . . . . . . . . . . . . . . . . . . . . . . . 6<br>Rundungen neu gedacht: Einheitlichkeit und Genauigkeit f\u00fcr Ihr Bauprojekt . . . . . . . . . . . . . . . . . . . . . . . 8<br>Effizientes Handling der REB-Adressen: Pr\u00e4zision und Sicherheit bei der Mengenermittlung . . . . . . . . . . 10<br>Optimierte Kostenermittlung f\u00fcr Ihre Bauprojekte . . . . . . . . . . . . . . . . . . . . . . . . . . . . . . . . . . . . . . . . . . . . 12<br>Effizientes Management von Bietertexterg\u00e4nzungen: Mehr Sicherheit, weniger Fehler . . . . . . . . . . . . . . 14<br>AVANTI connect f\u00fcr Autodesk\u00ae Revit\u00ae 2025 . . . . . . . . . . . . . . . . . . . . . . . . . . . . . . . . . . . . . . . . . . . . . . . . . . 16<br>\u00c4nderungen und Anpassungen AVANTI 2024 . . . . . . . . . . . . . . . . . . . . . . . . . . . . . . . . . . . . . . . . . . . . . . . . . 18<br>GRAVA: DWG Im- und Export &#8211; Neuer Dialog . . . . . . . . . . . . . . . . . . . . . . . . . . . . . . . . . . . . . . . . . . . . . . . . . 19<br>GRAVA: \u00c4nderungen und Anpassungen. . . . . . . . . . . . . . . . . . . . . . . . . . . . . . . . . . . . . . . . . . . . . . . . . . . . . . 20<\/p>\n\n\n<div class=\"sdm_download_item \"><div class=\"sdm_download_item_top\"><div class=\"sdm_download_thumbnail\"><img decoding=\"async\" class=\"sdm_download_thumbnail_image\" src=\"http:\/\/architektenpartner.de\/wp-content\/uploads\/2016\/04\/logopdf-e1574942536542.png\" alt = \"AVANTI 2024 Neuerungen\" \/><\/div><div class=\"sdm_download_title\">AVANTI 2024 Neuerungen<\/div><\/div><div style=\"clear:both;\"><\/div><div class=\"sdm_download_description\"><\/div><div class=\"sdm_download_size\"><span class=\"sdm_download_size_label\">Gr\u00f6\u00dfe: <\/span><span class=\"sdm_download_size_value\">4 MB<\/span><\/div><div class=\"sdm_download_link\"><span class=\"sdm_download_button\"><a href=\"https:\/\/architektenpartner.de\/?sdm_process_download=1&download_id=1302\" class=\"sdm_download blue\" title=\"AVANTI 2024 Neuerungen\" target=\"_self\">Jetzt herunterladen!<\/a><\/span><span class=\"sdm_download_item_count\"><span class=\"sdm_item_count_number\">696<\/span><span class=\"sdm_item_count_string\"> Downloads<\/span><\/span><\/div><\/div><div class=\"sdm_clear_float\"><\/div>\n\n\n\n<p><\/p>\n","protected":false},"excerpt":{"rendered":"<p>in K\u00fcrze mehr ! Bilder Inhaltsverzeichnis PDF Effiziente Kostenkontrolle leicht gemacht: Prozentuale Kostenverteilung f\u00fcr Ihr Bauprojekt . . . . . . . . . . 4Bereit f\u00fcr neue Rechnungsprozesse: Digitale Rechnungen leicht gemacht . . . . . . . . . . . . . . . . . . . . . [&hellip;]<\/p>\n","protected":false},"author":1,"featured_media":0,"parent":12,"menu_order":1,"comment_status":"closed","ping_status":"closed","template":"","meta":{"footnotes":""},"class_list":["post-1277","page","type-page","status-publish","hentry"],"_links":{"self":[{"href":"https:\/\/architektenpartner.de\/index.php?rest_route=\/wp\/v2\/pages\/1277","targetHints":{"allow":["GET"]}}],"collection":[{"href":"https:\/\/architektenpartner.de\/index.php?rest_route=\/wp\/v2\/pages"}],"about":[{"href":"https:\/\/architektenpartner.de\/index.php?rest_route=\/wp\/v2\/types\/page"}],"author":[{"embeddable":true,"href":"https:\/\/architektenpartner.de\/index.php?rest_route=\/wp\/v2\/users\/1"}],"replies":[{"embeddable":true,"href":"https:\/\/architektenpartner.de\/index.php?rest_route=%2Fwp%2Fv2%2Fcomments&post=1277"}],"version-history":[{"count":14,"href":"https:\/\/architektenpartner.de\/index.php?rest_route=\/wp\/v2\/pages\/1277\/revisions"}],"predecessor-version":[{"id":1316,"href":"https:\/\/architektenpartner.de\/index.php?rest_route=\/wp\/v2\/pages\/1277\/revisions\/1316"}],"up":[{"embeddable":true,"href":"https:\/\/architektenpartner.de\/index.php?rest_route=\/wp\/v2\/pages\/12"}],"wp:attachment":[{"href":"https:\/\/architektenpartner.de\/index.php?rest_route=%2Fwp%2Fv2%2Fmedia&parent=1277"}],"curies":[{"name":"wp","href":"https:\/\/api.w.org\/{rel}","templated":true}]}}