{"id":12,"date":"2025-11-17T12:00:00","date_gmt":"2025-11-17T11:00:00","guid":{"rendered":"http:\/\/architektenpartner.de\/?page_id=12"},"modified":"2025-11-17T10:41:26","modified_gmt":"2025-11-17T09:41:26","slug":"avakostenkontrolle","status":"publish","type":"page","link":"https:\/\/architektenpartner.de\/?page_id=12","title":{"rendered":"AVANTI BIM \u2013 Die AVA-Software f\u00fcr \u201eactive BIM\u201c"},"content":{"rendered":"<h1 id=\"page#2\" class=\"uk-h1 uk-font-default uk-margin-remove-top uk-width-2xlarge uk-text-left uk-visible@m uk-scrollspy-inview\">Optimale AVA-Software f\u00fcr Sicherheit und Transparenz in Ihrem BIM\u2011Prozess.<\/h1>\n<h2><span style=\"color: #ff6600;\">AVANTI 2026 steht zum Download bereit !\u00a0 \u00a0 18<\/span><span style=\"color: #ff6600;\">.11.2025<br \/>\n<\/span><\/h2>\n<h5 style=\"text-align: center;\"><span style=\"color: #ff6600;\"><em><span style=\"color: #000000;\">Wir unterst\u00fctzen Sie bei der Installation.\u00a0<\/span><\/em><br \/>\n<em><span style=\"color: #000000;\">Rufen Sie an, oder schreiben Sie uns eine Nachricht.<\/span><\/em><\/span><\/h5>\n<h5 class=\"uk-h6\"><strong>\u00dcbersichtliche Kostenkontrolle<\/strong><\/h5>\n<p>Mit AVANTI erhalten Sie gleichzeitig Auswertungen f\u00fcr Ihre interne Kostenkontrolle und f\u00fcr das Reporting gegen\u00fcber Ihren Auftraggebern. Sie sehen die Ausgaben f\u00fcr das Gesamtprojekt oder einzelne Vergabeeinheiten \u00fcbersichtlich auf Ihrem Bildschirm. Neben dem aktuellen Kostenstand zeigt AVANTI auch die Entwicklung von Budgets \u00fcber Sch\u00e4tzkosten, Vergabesummen, Nachtr\u00e4ge, Zahlungsst\u00e4nde sowie Kostenprognosen. Au\u00dferdem lassen sich unterschiedliche Projektphasen vergleichen und dokumentieren. Das macht die Mengen- und Kostenentwicklung auch f\u00fcr Ihren Bauherrn transparent. Die freie Kostenprognose f\u00fcr einzelne Vergabeeinheiten und aussagekr\u00e4ftige Reports runden die Kostenkontrolle in AVANTI ab..<\/p>\n<h5 class=\"uk-h6\"><strong>Grafische Mengenermittlung Unschlagbare grafische Mengenermittlung<br \/>\n<\/strong><\/h5>\n<p>Mit AVANTI erhalten Sie gleichzeitig Auswertungen f\u00fcr Ihre interne Kostenkontrolle und f\u00fcr das Reporting gegen\u00fcber Ihren Auftraggebern. Sie sehen die Ausgaben f\u00fcr das Gesamtprojekt oder einzelne Vergabeeinheiten \u00fcbersichtlich auf Ihrem Bildschirm. Neben dem aktuellen Kostenstand zeigt AVANTI auch die Entwicklung von Budgets \u00fcber Sch\u00e4tzkosten, Vergabesummen, Nachtr\u00e4ge, Zahlungsst\u00e4nde sowie Kostenprognosen. Au\u00dferdem lassen sich unterschiedliche Projektphasen vergleichen und dokumentieren. Das macht die Mengen- und Kostenentwicklung auch f\u00fcr Ihren Bauherrn transparent. Die freie Kostenprognose f\u00fcr einzelne Vergabeeinheiten und aussagekr\u00e4ftige Reports runden die Kostenkontrolle in AVANTI ab.<\/p>\n<h5 class=\"uk-h6\"><strong>Sichere Abrechnung f\u00fcr Sie und Ihre Bauherren<\/strong><\/h5>\n<p>Wenn Sie Ihre Zahlungsabwicklung in AVANTI umsetzen, bleiben keine Fragen zur Abrechnung von Bauleistungen offen, denn alle Dokumente und Rechnungspr\u00fcfungen sind pr\u00e4zise, \u00fcbersichtlich und nachvollziehbar. Ihre Leistungsverzeichnisse stehen automatisch als Vertragsbestandteil zur Verf\u00fcgung. Egal, ob Sie pauschal, prozentual oder \u00fcber exakte Positionsaufma\u00dfe abrechnen m\u00f6chten \u2013 mit AVANTI haben Sie volle Flexibilit\u00e4t. Alle wichtigen Daten sind im Abrechnungsmodul vorhanden und lassen sich \u00fcber individuelle Drucklayouts ausgegeben. Das beinhaltet die Aufma\u00df- und Rechnungspr\u00fcfung, den Soll-Ist-Vergleich bis hin zu Zahlungsfreigaben. Auch \u00dcbersichten zu Verj\u00e4hrungsfristen f\u00fcr M\u00e4ngelanspr\u00fcche werden ber\u00fccksichtigt.<\/p>\n<h5>Nutzen Sie das Wissen von BIM-Pionieren<\/h5>\n<div class=\"tm-block tm-block-default\">\n<div class=\"uk-container uk-container-center\">\n<section class=\"tm-bottom-a uk-grid\" data-uk-grid-match=\"{target:'&gt; div &gt; .uk-panel'}\" data-uk-grid-margin=\"\">\n<div class=\"uk-width-1-1\">\n<div class=\"uk-panel\">\n<p>Seit mehr als 35 Jahren besch\u00e4ftigen wir uns mit der Verkn\u00fcpfung und Verbindung von grafischen (CAD) und alphanumerischen (AVA) Daten. Wir d\u00fcrfen uns somit zu den Pionieren in diesem Bereich z\u00e4hlen. AVANTI verbindet Mengen aus der Grafik mit den Qualit\u00e4ten (also den Materialien) und den daraus resultierenden Kosten, die inklusive der Teilleistungen in Leistungsverzeichnisse \u00fcberf\u00fchrt werden. Die im Rahmen der Ausschreibung erhaltenen Angebotspreise f\u00fchren Sie in Ihre Stammdaten zur\u00fcck.<\/p>\n<p>Durch den so entstehenden Kreislauf sichern Sie sich Ihr Fachwissen in Ihrer eigenen Wissensdatenbank. Bei neuen Projekten haben Sie mit Ihren bestehenden Bauteilen und den aktualisierten Preisen die Kosten stets im Griff.<\/p>\n<\/div>\n<\/div>\n<\/section>\n<\/div>\n<\/div>\n<div class=\"tm-block tm-block-default\">\n<div class=\"uk-container uk-container-center\">\n<section class=\"tm-bottom-b uk-grid\" data-uk-grid-match=\"{target:'&gt; div &gt; .uk-panel'}\" data-uk-grid-margin=\"\">\n<div class=\"uk-width-1-1\">\n<div class=\"uk-panel\">\n<div id=\"revit\">\n<h5>AVANTI \u2013 Die AVA-Software f\u00fcr Autodesk<sup>\u00ae<\/sup> Revit<sup>\u00ae<br \/>\n<\/sup><\/h5>\n<p>Entdecken Sie die Power der Integration von externen Datenquellen und BIM-CAD-Systemen f\u00fcr erfolgreichere Bauprojekte<br \/>\nDie Geb\u00e4udemodelldaten gelangen auf unterschiedlichen Wegen in AVANTI, je nach eingesetztem CAD-System. Zwischen SPIRIT und AVANTI tauschen Sie Daten auf direktem Weg aus. F\u00fcr <span style=\"color: #ff6600;\"><strong>Autodesk\u00ae Revit\u00ae<\/strong> <\/span>haben wir ein <strong>Plug-in<\/strong> erstellt, das in das Revit\u00ae-Men\u00fc integriert ist und die Daten direkt an AVANTI \u00fcbermittelt. Im Zusammenspiel mit <span style=\"color: #ff6600;\"><strong>ARCHICAD\u00ae<\/strong> <\/span>profitieren Sie von einem speziell f\u00fcr den Austausch der Mengen mit AVANTI abgestimmten IFC-\u00dcbersetzer. Weitere CAD-Systeme, wie beispielsweise <span style=\"color: #ff6600;\"><strong>Allplan\u00ae<\/strong><\/span> und <strong><span style=\"color: #ff6600;\">Vectorworks\u00ae<\/span>,<\/strong> lassen sich ebenfalls mittels IFC-Schnittstelle in den Formaten IFC 2&#215;3 oder IFC 4 anbinden.<\/p>\n<div class=\"tm-block tm-block-default\">\n<div class=\"uk-container uk-container-center\">\n<section class=\"tm-bottom-b uk-grid\" data-uk-grid-match=\"{target:'&gt; div &gt; .uk-panel'}\" data-uk-grid-margin=\"\">\n<div class=\"uk-width-1-1\">\n<div class=\"uk-panel\">\n<div id=\"revit\">\n<div class=\"uk-grid uk-text-left uk-flex-middle\" data-uk-grid-match=\"\" data-uk-margin=\"{cls:'uk-margin-top'}\">\n<div class=\"uk-width-medium-6-10\">\n<h5 class=\"uk-panel uk-width-1-1\">Einfach, schnell und bidirektional<\/h5>\n<p class=\"uk-panel uk-width-1-1\"><a href=\"https:\/\/architektenpartner.de\/wp-content\/uploads\/2015\/05\/mengen_aus_revit_modell_in_avanti_full.jpg\"><img loading=\"lazy\" decoding=\"async\" class=\"alignleft size-thumbnail wp-image-544\" src=\"https:\/\/architektenpartner.de\/wp-content\/uploads\/2015\/05\/mengen_aus_revit_modell_in_avanti_full-150x91.jpg\" alt=\"mengen_aus_revit_modell_in_avanti_full\" width=\"150\" height=\"91\" srcset=\"https:\/\/architektenpartner.de\/wp-content\/uploads\/2015\/05\/mengen_aus_revit_modell_in_avanti_full-150x91.jpg 150w, https:\/\/architektenpartner.de\/wp-content\/uploads\/2015\/05\/mengen_aus_revit_modell_in_avanti_full-300x182.jpg 300w, https:\/\/architektenpartner.de\/wp-content\/uploads\/2015\/05\/mengen_aus_revit_modell_in_avanti_full-1024x621.jpg 1024w, https:\/\/architektenpartner.de\/wp-content\/uploads\/2015\/05\/mengen_aus_revit_modell_in_avanti_full.jpg 1200w\" sizes=\"auto, (max-width: 150px) 100vw, 150px\" \/><\/a>AVANTI bringt Mengen, Materialspezifikationen und Baukosten zusammen. F\u00fcr Anwender der BIM Modellierungssoftware Autodesk\u00ae Revit\u00ae bedeutet das mehr Effizienz im Planungsprozess plus Sicherheit in der Kostenplanung. AVANTI ermittelt Mengen VOB-konform aus dem Revit\u00ae-Modell und stellt sie transparent dar. Von diesem Mengenger\u00fcst profitieren Sie durchg\u00e4ngig in der Kostenplanung, Ausschreibung, Abrechnung und Kostenkontrolle Ihres Bauprojekts &#8211; das bedeutet active BIM.<\/p>\n<\/div>\n<\/div>\n<div class=\"uk-grid uk-text-left uk-flex-middle\" data-uk-grid-match=\"\" data-uk-margin=\"{cls:'uk-margin-top'}\">\n<div class=\"uk-width-medium-6-10\">\n<div class=\"uk-panel uk-width-1-1\">\n<h5>1. Mengen in Revit bereitstellen<\/h5>\n<p><a href=\"https:\/\/architektenpartner.de\/wp-content\/uploads\/2015\/05\/mengen_in_revit_bereitstellen_full_02.png\"><img loading=\"lazy\" decoding=\"async\" class=\"alignleft size-thumbnail wp-image-543\" src=\"https:\/\/architektenpartner.de\/wp-content\/uploads\/2015\/05\/mengen_in_revit_bereitstellen_full_02-150x91.png\" alt=\"mengen_in_revit_bereitstellen_full_02\" width=\"150\" height=\"91\" srcset=\"https:\/\/architektenpartner.de\/wp-content\/uploads\/2015\/05\/mengen_in_revit_bereitstellen_full_02-150x91.png 150w, https:\/\/architektenpartner.de\/wp-content\/uploads\/2015\/05\/mengen_in_revit_bereitstellen_full_02-300x181.png 300w, https:\/\/architektenpartner.de\/wp-content\/uploads\/2015\/05\/mengen_in_revit_bereitstellen_full_02-1024x618.png 1024w, https:\/\/architektenpartner.de\/wp-content\/uploads\/2015\/05\/mengen_in_revit_bereitstellen_full_02.png 1200w\" sizes=\"auto, (max-width: 150px) 100vw, 150px\" \/><\/a>In Ihrem aktuell ge\u00f6ffneten Revit-Modell stellen Sie die Mengen zur Weiterverwendung in AVANTI per Knopfdruck bereit \u2013 und zwar VOB konform. Sie k\u00f6nnen so in AVANTI auf Mengenans\u00e4tze zugreifen, die optimal auf die Anforderungen des Bauwesens zugeschnitten sind. Bei Wandl\u00e4ngen entscheiden Sie, ob die Wandabwicklung oder die Wandl\u00e4nge auf der Wandachse verwendet werden soll.<\/p>\n<\/div>\n<\/div>\n<\/div>\n<div class=\"uk-grid uk-text-left uk-flex-middle\" data-uk-grid-match=\"\" data-uk-margin=\"{cls:'uk-margin-top'}\">\n<div class=\"uk-width-medium-6-10\">\n<div class=\"uk-panel uk-width-1-1\">\n<h5>2. Mengen in das AVANTI Projekt \u00fcbernehmen und aktualisieren<\/h5>\n<p><a href=\"https:\/\/architektenpartner.de\/wp-content\/uploads\/2015\/05\/revit_mengen-uebernehmen_full.png\"><img loading=\"lazy\" decoding=\"async\" class=\"alignleft size-thumbnail wp-image-542\" src=\"https:\/\/architektenpartner.de\/wp-content\/uploads\/2015\/05\/revit_mengen-uebernehmen_full-150x133.png\" alt=\"revit_mengen-uebernehmen_full\" width=\"150\" height=\"133\" srcset=\"https:\/\/architektenpartner.de\/wp-content\/uploads\/2015\/05\/revit_mengen-uebernehmen_full-150x133.png 150w, https:\/\/architektenpartner.de\/wp-content\/uploads\/2015\/05\/revit_mengen-uebernehmen_full-300x267.png 300w, https:\/\/architektenpartner.de\/wp-content\/uploads\/2015\/05\/revit_mengen-uebernehmen_full.png 800w\" sizes=\"auto, (max-width: 150px) 100vw, 150px\" \/><\/a>Die Struktur des Geb\u00e4udes wird per Knopfdruck aus dem Revit-Modell in AVANTI eingelesen und mittels einer \u00fcbersichtlichen Baumstruktur dargestellt. In dieser Struktur sehen Sie die Elemente unterschieden nach den Hauptkategorien Rohbau und Ausbau. Ihr AVANTI Projekt ist nun mit dem Revit-Modell verkn\u00fcpft. Daher l\u00e4sst sich jede zeichnerische \u00c4nderung auch in Ihre Kostenplanung innerhalb AVANTI nachziehen. Sie aktualisieren einfach automatisch per Knopfdruck.<\/p>\n<h5>3. Mengen wieder in Ihr Revit-Modell zur\u00fcckverfolgen<\/h5>\n<\/div>\n<\/div>\n<\/div>\n<div class=\"uk-grid uk-text-left uk-flex-middle\" data-uk-grid-match=\"\" data-uk-margin=\"{cls:'uk-margin-top'}\">\n<div class=\"uk-width-medium-6-10\">\n<div class=\"uk-panel uk-width-1-1\">\n<p><a href=\"https:\/\/architektenpartner.de\/wp-content\/uploads\/2015\/05\/revit_zuruekverfolgen_full_03.jpg\"><img loading=\"lazy\" decoding=\"async\" class=\"alignleft size-thumbnail wp-image-541\" src=\"https:\/\/architektenpartner.de\/wp-content\/uploads\/2015\/05\/revit_zuruekverfolgen_full_03-150x87.jpg\" alt=\"revit_zuruekverfolgen_full_03\" width=\"150\" height=\"87\" srcset=\"https:\/\/architektenpartner.de\/wp-content\/uploads\/2015\/05\/revit_zuruekverfolgen_full_03-150x87.jpg 150w, https:\/\/architektenpartner.de\/wp-content\/uploads\/2015\/05\/revit_zuruekverfolgen_full_03-300x174.jpg 300w, https:\/\/architektenpartner.de\/wp-content\/uploads\/2015\/05\/revit_zuruekverfolgen_full_03-1024x593.jpg 1024w, https:\/\/architektenpartner.de\/wp-content\/uploads\/2015\/05\/revit_zuruekverfolgen_full_03.jpg 1300w\" sizes=\"auto, (max-width: 150px) 100vw, 150px\" \/><\/a>Bei der Mengen- und Kostenermittlung stehen Sicherheit, Transparenz und \u00dcbersichtlichkeit an oberster Stelle. Mit AVANTI lassen sich die Mengenans\u00e4tze in das Revit-Modell zur\u00fcckverfolgen. W\u00e4hlen Sie in der AVANTI Baumstruktur einfach ein Objekt aus und Sie sehen es sofort in Ihrer Revit-Zeichnung. Sie erkennen auf einen Blick, an welcher Stelle das Element im Modell platziert ist. Mit dieser Kontrollfunktion behalten Sie den \u00dcberblick..<\/p>\n<\/div>\n<h5>Textdatenbanken &amp; Ausschreibungstexte<\/h5>\n<p><strong>Anbindung an Textdatenbanken &amp; Ausschreibungstexte<\/strong><br \/>\nPositionen \u00fcbernehmen Sie ganz einfach per Drag-and-drop aus Ihren bestehenden Projekten und Katalogen. Wenn Sie keine eigenen Texte verwenden, k\u00f6nnen Sie \u00fcber integrierte Schnittstellen auf Ihre externen Textdatenbanken zugreifen:<\/p>\n<ul>\n<li>STLB-Bau und STLB-BauZ<\/li>\n<li>DBD BIM<\/li>\n<li>Heinze-Ausschreibungstexte<\/li>\n<li>SirAdos<\/li>\n<li>AUSSCHREIBEN.DE<\/li>\n<li>BKI<\/li>\n<\/ul>\n<\/div>\n<h5>Datenschnittstellen<\/h5>\n<\/div>\n<p>Alle f\u00fcr Sie wichtige Datenschnittstellen sind integriert<br \/>\nNutzen Sie in AVANTI f\u00fcr den Datenaustausch Ihrer Leistungsverzeichnisse folgende Schnittstellen und Dateiformate:<\/p>\n<ul>\n<li>GAEB DA XML 3.1, 3.2 und 3.3<br \/>\nIFC2x3<br \/>\nIFC4<br \/>\nBIM-LV-Container<br \/>\nMicrosoft Excel\u00ae<br \/>\nMicrosoft Word\u00ae<br \/>\nMicrosoft Outlook\u00ae<\/li>\n<\/ul>\n<\/div>\n<\/div>\n<\/div>\n<\/section>\n<\/div>\n<\/div>\n<\/div>\n<\/div>\n<\/div>\n<\/section>\n<\/div>\n<\/div>\n<h5><strong>NEUERUNGEN \/ SYSTEMVORAUSSETZUNG<\/strong><\/h5>\n<p><a href=\"https:\/\/hilfe.softtech.de\/display\/AW\/Systemvoraussetzungen\">Systemvoraussetzungen &#8211; AVANTI WIKI &#8211; SOFTTECH GmbH Hilfe<\/a><\/p>\n<div class=\"sdm_download_item \"><div class=\"sdm_download_item_top\"><div class=\"sdm_download_thumbnail\"><img decoding=\"async\" class=\"sdm_download_thumbnail_image\" src=\"http:\/\/architektenpartner.de\/wp-content\/uploads\/2016\/04\/logopdf-e1574942536542.png\" alt = \"AVANTI 2026 &#8211; Neuerungen\" \/><\/div><div class=\"sdm_download_title\">AVANTI 2026 &#8211; Neuerungen<\/div><\/div><div style=\"clear:both;\"><\/div><div class=\"sdm_download_description\"><\/div><div class=\"sdm_download_link\"><span class=\"sdm_download_button\"><a href=\"https:\/\/architektenpartner.de\/?sdm_process_download=1&download_id=1377\" class=\"sdm_download blue\" title=\"AVANTI 2026 &#8211; Neuerungen\" target=\"_self\">Jetzt herunterladen!<\/a><\/span><span class=\"sdm_download_item_count\"><span class=\"sdm_item_count_number\">215<\/span><span class=\"sdm_item_count_string\"> Downloads<\/span><\/span><\/div><\/div><div class=\"sdm_clear_float\"><\/div>\n<p><div class=\"sdm_download_item \"><div class=\"sdm_download_item_top\"><div class=\"sdm_download_thumbnail\"><img decoding=\"async\" class=\"sdm_download_thumbnail_image\" src=\"http:\/\/architektenpartner.de\/wp-content\/uploads\/2016\/04\/logopdf-e1574942536542.png\" alt = \"AVANTI 2025 &#8211; Neuerungen\" \/><\/div><div class=\"sdm_download_title\">AVANTI 2025 &#8211; Neuerungen<\/div><\/div><div style=\"clear:both;\"><\/div><div class=\"sdm_download_description\"><\/div><div class=\"sdm_download_link\"><span class=\"sdm_download_button\"><a href=\"https:\/\/architektenpartner.de\/?sdm_process_download=1&download_id=1357\" class=\"sdm_download blue\" title=\"AVANTI 2025 &#8211; Neuerungen\" target=\"_self\">Jetzt herunterladen!<\/a><\/span><span class=\"sdm_download_item_count\"><span class=\"sdm_item_count_number\">480<\/span><span class=\"sdm_item_count_string\"> Downloads<\/span><\/span><\/div><\/div><div class=\"sdm_clear_float\"><\/div><br \/>\n<div class=\"sdm_download_item \"><div class=\"sdm_download_item_top\"><div class=\"sdm_download_thumbnail\"><img decoding=\"async\" class=\"sdm_download_thumbnail_image\" src=\"http:\/\/architektenpartner.de\/wp-content\/uploads\/2016\/04\/logopdf-e1574942536542.png\" alt = \"AVANTI 2024 Neuerungen\" \/><\/div><div class=\"sdm_download_title\">AVANTI 2024 Neuerungen<\/div><\/div><div style=\"clear:both;\"><\/div><div class=\"sdm_download_description\"><\/div><div class=\"sdm_download_size\"><span class=\"sdm_download_size_label\">Gr\u00f6\u00dfe: <\/span><span class=\"sdm_download_size_value\">4 MB<\/span><\/div><div class=\"sdm_download_link\"><span class=\"sdm_download_button\"><a href=\"https:\/\/architektenpartner.de\/?sdm_process_download=1&download_id=1302\" class=\"sdm_download blue\" title=\"AVANTI 2024 Neuerungen\" target=\"_self\">Jetzt herunterladen!<\/a><\/span><span class=\"sdm_download_item_count\"><span class=\"sdm_item_count_number\">682<\/span><span class=\"sdm_item_count_string\"> Downloads<\/span><\/span><\/div><\/div><div class=\"sdm_clear_float\"><\/div><\/p>\n<div class=\"sdm_download_item \"><div class=\"sdm_download_item_top\"><div class=\"sdm_download_thumbnail\"><img decoding=\"async\" class=\"sdm_download_thumbnail_image\" src=\"http:\/\/architektenpartner.de\/wp-content\/uploads\/2016\/04\/logopdf-e1574942536542.png\" alt = \"AVANTI 2023 Neuerungen\" \/><\/div><div class=\"sdm_download_title\">AVANTI 2023 Neuerungen<\/div><\/div><div style=\"clear:both;\"><\/div><div class=\"sdm_download_description\"><\/div><div class=\"sdm_download_size\"><span class=\"sdm_download_size_label\">Gr\u00f6\u00dfe: <\/span><span class=\"sdm_download_size_value\">4 MB<\/span><\/div><div class=\"sdm_download_link\"><span class=\"sdm_download_button\"><a href=\"https:\/\/architektenpartner.de\/?sdm_process_download=1&download_id=1212\" class=\"sdm_download blue\" title=\"AVANTI 2023 Neuerungen\" target=\"_self\">Jetzt herunterladen!<\/a><\/span><span class=\"sdm_download_item_count\"><span class=\"sdm_item_count_number\">888<\/span><span class=\"sdm_item_count_string\"> Downloads<\/span><\/span><\/div><\/div><div class=\"sdm_clear_float\"><\/div>\n<div class=\"sdm_download_item \"><div class=\"sdm_download_item_top\"><div class=\"sdm_download_thumbnail\"><img decoding=\"async\" class=\"sdm_download_thumbnail_image\" src=\"http:\/\/architektenpartner.de\/wp-content\/uploads\/2016\/04\/logopdf-e1574942536542.png\" alt = \"AVANTI 2023 Systemvoraussetzung\" \/><\/div><div class=\"sdm_download_title\">AVANTI 2023 Systemvoraussetzung<\/div><\/div><div style=\"clear:both;\"><\/div><div class=\"sdm_download_description\"><\/div><div class=\"sdm_download_link\"><span class=\"sdm_download_button\"><a href=\"https:\/\/architektenpartner.de\/?sdm_process_download=1&download_id=1048\" class=\"sdm_download blue\" title=\"AVANTI 2023 Systemvoraussetzung\" target=\"_self\">Jetzt herunterladen!<\/a><\/span><span class=\"sdm_download_item_count\"><span class=\"sdm_item_count_number\">1174<\/span><span class=\"sdm_item_count_string\"> Downloads<\/span><\/span><\/div><\/div><div class=\"sdm_clear_float\"><\/div>\n<div class=\"sdm_download_item \"><div class=\"sdm_download_item_top\"><div class=\"sdm_download_thumbnail\"><img decoding=\"async\" class=\"sdm_download_thumbnail_image\" src=\"http:\/\/architektenpartner.de\/wp-content\/uploads\/2016\/04\/logopdf-e1574942536542.png\" alt = \"AVANTI 2022 &#8211; Neuerungen\" \/><\/div><div class=\"sdm_download_title\">AVANTI 2022 &#8211; Neuerungen<\/div><\/div><div style=\"clear:both;\"><\/div><div class=\"sdm_download_description\"><\/div><div class=\"sdm_download_link\"><span class=\"sdm_download_button\"><a href=\"https:\/\/architektenpartner.de\/?sdm_process_download=1&download_id=1150\" class=\"sdm_download blue\" title=\"AVANTI 2022 &#8211; Neuerungen\" target=\"_self\">Jetzt herunterladen!<\/a><\/span><span class=\"sdm_download_item_count\"><span class=\"sdm_item_count_number\">1216<\/span><span class=\"sdm_item_count_string\"> Downloads<\/span><\/span><\/div><\/div><div class=\"sdm_clear_float\"><\/div>\n<div class=\"sdm_download_item \"><div class=\"sdm_download_item_top\"><div class=\"sdm_download_thumbnail\"><img decoding=\"async\" class=\"sdm_download_thumbnail_image\" src=\"http:\/\/architektenpartner.de\/wp-content\/uploads\/2016\/04\/logopdf-e1574942536542.png\" alt = \"AVANTI 2021 &#8211; Neuerungen\" \/><\/div><div class=\"sdm_download_title\">AVANTI 2021 &#8211; Neuerungen<\/div><\/div><div style=\"clear:both;\"><\/div><div class=\"sdm_download_description\"><\/div><div class=\"sdm_download_size\"><span class=\"sdm_download_size_label\">Gr\u00f6\u00dfe: <\/span><span class=\"sdm_download_size_value\">2.575 KB<\/span><\/div><div class=\"sdm_download_link\"><span class=\"sdm_download_button\"><a href=\"https:\/\/architektenpartner.de\/?sdm_process_download=1&download_id=936\" class=\"sdm_download blue\" title=\"AVANTI 2021 &#8211; Neuerungen\" target=\"_self\">Jetzt herunterladen!<\/a><\/span><span class=\"sdm_download_item_count\"><span class=\"sdm_item_count_number\">1258<\/span><span class=\"sdm_item_count_string\"> Downloads<\/span><\/span><\/div><\/div><div class=\"sdm_clear_float\"><\/div>\n","protected":false},"excerpt":{"rendered":"<p>Optimale AVA-Software f\u00fcr Sicherheit und Transparenz in Ihrem BIM\u2011Prozess. AVANTI 2026 steht zum Download bereit !\u00a0 \u00a0 18.11.2025 Wir unterst\u00fctzen Sie bei der Installation.\u00a0 Rufen Sie an, oder schreiben Sie uns eine Nachricht. \u00dcbersichtliche Kostenkontrolle Mit AVANTI erhalten Sie gleichzeitig Auswertungen f\u00fcr Ihre interne Kostenkontrolle und f\u00fcr das Reporting gegen\u00fcber Ihren Auftraggebern. Sie sehen die [&hellip;]<\/p>\n","protected":false},"author":1,"featured_media":976,"parent":0,"menu_order":3,"comment_status":"closed","ping_status":"closed","template":"","meta":{"footnotes":""},"class_list":["post-12","page","type-page","status-publish","has-post-thumbnail","hentry"],"_links":{"self":[{"href":"https:\/\/architektenpartner.de\/index.php?rest_route=\/wp\/v2\/pages\/12","targetHints":{"allow":["GET"]}}],"collection":[{"href":"https:\/\/architektenpartner.de\/index.php?rest_route=\/wp\/v2\/pages"}],"about":[{"href":"https:\/\/architektenpartner.de\/index.php?rest_route=\/wp\/v2\/types\/page"}],"author":[{"embeddable":true,"href":"https:\/\/architektenpartner.de\/index.php?rest_route=\/wp\/v2\/users\/1"}],"replies":[{"embeddable":true,"href":"https:\/\/architektenpartner.de\/index.php?rest_route=%2Fwp%2Fv2%2Fcomments&post=12"}],"version-history":[{"count":106,"href":"https:\/\/architektenpartner.de\/index.php?rest_route=\/wp\/v2\/pages\/12\/revisions"}],"predecessor-version":[{"id":1384,"href":"https:\/\/architektenpartner.de\/index.php?rest_route=\/wp\/v2\/pages\/12\/revisions\/1384"}],"wp:featuredmedia":[{"embeddable":true,"href":"https:\/\/architektenpartner.de\/index.php?rest_route=\/wp\/v2\/media\/976"}],"wp:attachment":[{"href":"https:\/\/architektenpartner.de\/index.php?rest_route=%2Fwp%2Fv2%2Fmedia&parent=12"}],"curies":[{"name":"wp","href":"https:\/\/api.w.org\/{rel}","templated":true}]}}