{"id":114,"date":"2015-05-04T17:07:32","date_gmt":"2015-05-04T16:07:32","guid":{"rendered":"http:\/\/architektenpartner.de\/?page_id=114"},"modified":"2021-06-10T10:15:34","modified_gmt":"2021-06-10T09:15:34","slug":"stlb-bau-dbd-baupreise","status":"publish","type":"page","link":"https:\/\/architektenpartner.de\/?page_id=114","title":{"rendered":"Stlb-Bau + DBD BauPreise"},"content":{"rendered":"<p style=\"text-align: left;\">STLB-Bau Dynamische BauDaten ist das Werkzeug zur Bildung VOB-gerechter Bauleistungstexte f\u00fcr Neubau und Bauen im Bestand. Es wird aufgestellt vom GAEB, datentechnisch umgesetzt von Dr. Schiller &amp; Partner und herausgegeben vom DIN.<strong><img loading=\"lazy\" decoding=\"async\" class=\"wp-image-227  alignleft\" src=\"https:\/\/architektenpartner.de\/wp-content\/uploads\/2015\/05\/dbd-300x108.jpg\" alt=\"dbd\" width=\"169\" height=\"61\" srcset=\"https:\/\/architektenpartner.de\/wp-content\/uploads\/2015\/05\/dbd-300x108.jpg 300w, https:\/\/architektenpartner.de\/wp-content\/uploads\/2015\/05\/dbd-1024x370.jpg 1024w, https:\/\/architektenpartner.de\/wp-content\/uploads\/2015\/05\/dbd.jpg 1204w\" sizes=\"auto, (max-width: 169px) 100vw, 169px\" \/><\/strong><\/p>\n<p><span style=\"font-size: inherit;\"><br>Im Gegensatz zu herk\u00f6mmlichen Textsammlungen besteht es nicht aus einer endlichen Anzahl vorgefertigter und statischer Texte, sondern aus einem dynamischen Textgenerator, der Texte auf Anforderung nach Vorgaben des Benutzers und auf Basis eingebauter Regeln erzeugt.<\/span><\/p>\n<p><a href=\"https:\/\/architektenpartner.de\/wp-content\/uploads\/2015\/05\/baukostenpyramide.jpg\"><img loading=\"lazy\" decoding=\"async\" class=\"alignnone  wp-image-115\" src=\"https:\/\/architektenpartner.de\/wp-content\/uploads\/2015\/05\/baukostenpyramide-300x240.jpg\" alt=\"LogoBP\" width=\"365\" height=\"292\" srcset=\"https:\/\/architektenpartner.de\/wp-content\/uploads\/2015\/05\/baukostenpyramide-300x240.jpg 300w, https:\/\/architektenpartner.de\/wp-content\/uploads\/2015\/05\/baukostenpyramide.jpg 395w\" sizes=\"auto, (max-width: 365px) 100vw, 365px\" \/><\/a><\/p>\n<p><\/p>\n<p>DBD-BauPreise nennt Orientierungspreise f\u00fcr Bauleistungen, die mit STLB-Bau beschrieben werden. Diese werden regional differenziert f\u00fcr alle \u00fcber 400 Stadt- und Landkreise in Deutschland dargestellt. Die dargestellten Preise sind als ausk\u00f6mmlich kalkulierte Durchschnittswerte incl. eines Anteils f\u00fcr die Baustelleneinrichtung zu verstehen.<\/p>\n<p>Die Baupreistabellen erm\u00f6glichen in einer \u00dcbersicht \u00e4hnlicher Leistungen, einen Text \u00fcber den angestrebten Orientierungspreis auszuw\u00e4hlen.<\/p>\n<p>Zus\u00e4tzlich werden Preisanteile f\u00fcr L\u00f6hne, Stoffe, Ger\u00e4te und Sonstiges genannt. Au\u00dferdem wird ein Zeitwert f\u00fcr die Lohnleistung angegeben.<\/p>\n<p><img loading=\"lazy\" decoding=\"async\" class=\"alignleft wp-image-1030 size-full\" src=\"https:\/\/architektenpartner.de\/wp-content\/uploads\/2021\/05\/STLB-BAU_2020-10_NEU_Baupreise.png\" alt=\"\" width=\"928\" height=\"603\" srcset=\"https:\/\/architektenpartner.de\/wp-content\/uploads\/2021\/05\/STLB-BAU_2020-10_NEU_Baupreise.png 928w, https:\/\/architektenpartner.de\/wp-content\/uploads\/2021\/05\/STLB-BAU_2020-10_NEU_Baupreise-300x195.png 300w, https:\/\/architektenpartner.de\/wp-content\/uploads\/2021\/05\/STLB-BAU_2020-10_NEU_Baupreise-150x97.png 150w\" sizes=\"auto, (max-width: 928px) 100vw, 928px\" \/><img loading=\"lazy\" decoding=\"async\" class=\"alignright wp-image-1031 size-full\" src=\"https:\/\/architektenpartner.de\/wp-content\/uploads\/2021\/05\/STLB-BAU_2020-10_NEU_Position.png\" alt=\"\" width=\"925\" height=\"426\" srcset=\"https:\/\/architektenpartner.de\/wp-content\/uploads\/2021\/05\/STLB-BAU_2020-10_NEU_Position.png 925w, https:\/\/architektenpartner.de\/wp-content\/uploads\/2021\/05\/STLB-BAU_2020-10_NEU_Position-300x138.png 300w, https:\/\/architektenpartner.de\/wp-content\/uploads\/2021\/05\/STLB-BAU_2020-10_NEU_Position-150x69.png 150w\" sizes=\"auto, (max-width: 925px) 100vw, 925px\" \/><\/p>\n<p><\/p>\n\n\n<p><\/p>\n","protected":false},"excerpt":{"rendered":"<p>STLB-Bau Dynamische BauDaten ist das Werkzeug zur Bildung VOB-gerechter Bauleistungstexte f\u00fcr Neubau und Bauen im Bestand. Es wird aufgestellt vom GAEB, datentechnisch umgesetzt von Dr. Schiller &amp; Partner und herausgegeben vom DIN. Im Gegensatz zu herk\u00f6mmlichen Textsammlungen besteht es nicht aus einer endlichen Anzahl vorgefertigter und statischer Texte, sondern aus einem dynamischen Textgenerator, der Texte [&hellip;]<\/p>\n","protected":false},"author":1,"featured_media":0,"parent":20,"menu_order":2,"comment_status":"closed","ping_status":"closed","template":"","meta":{"footnotes":""},"class_list":["post-114","page","type-page","status-publish","hentry"],"_links":{"self":[{"href":"https:\/\/architektenpartner.de\/index.php?rest_route=\/wp\/v2\/pages\/114","targetHints":{"allow":["GET"]}}],"collection":[{"href":"https:\/\/architektenpartner.de\/index.php?rest_route=\/wp\/v2\/pages"}],"about":[{"href":"https:\/\/architektenpartner.de\/index.php?rest_route=\/wp\/v2\/types\/page"}],"author":[{"embeddable":true,"href":"https:\/\/architektenpartner.de\/index.php?rest_route=\/wp\/v2\/users\/1"}],"replies":[{"embeddable":true,"href":"https:\/\/architektenpartner.de\/index.php?rest_route=%2Fwp%2Fv2%2Fcomments&post=114"}],"version-history":[{"count":18,"href":"https:\/\/architektenpartner.de\/index.php?rest_route=\/wp\/v2\/pages\/114\/revisions"}],"predecessor-version":[{"id":1112,"href":"https:\/\/architektenpartner.de\/index.php?rest_route=\/wp\/v2\/pages\/114\/revisions\/1112"}],"up":[{"embeddable":true,"href":"https:\/\/architektenpartner.de\/index.php?rest_route=\/wp\/v2\/pages\/20"}],"wp:attachment":[{"href":"https:\/\/architektenpartner.de\/index.php?rest_route=%2Fwp%2Fv2%2Fmedia&parent=114"}],"curies":[{"name":"wp","href":"https:\/\/api.w.org\/{rel}","templated":true}]}}