{"id":1103,"date":"2021-06-10T09:43:11","date_gmt":"2021-06-10T08:43:11","guid":{"rendered":"http:\/\/architektenpartner.de\/?page_id=1103"},"modified":"2021-06-10T10:15:50","modified_gmt":"2021-06-10T09:15:50","slug":"dbd-bim","status":"publish","type":"page","link":"https:\/\/architektenpartner.de\/?page_id=1103","title":{"rendered":"DBD-BIM"},"content":{"rendered":"\n<h1 class=\"has-normal-font-size wp-block-heading\">BIM-Daten f\u00fcr BauteileKostenermittlung \u2013 Leistungen \u2013 Attribute      <img loading=\"lazy\" decoding=\"async\" width=\"150\" height=\"59\" class=\"wp-image-1104\" style=\"width: 150px;\" src=\"https:\/\/architektenpartner.de\/wp-content\/uploads\/2021\/06\/dbd-bim_200x78.png\" alt=\"\" srcset=\"https:\/\/architektenpartner.de\/wp-content\/uploads\/2021\/06\/dbd-bim_200x78.png 200w, https:\/\/architektenpartner.de\/wp-content\/uploads\/2021\/06\/dbd-bim_200x78-150x59.png 150w\" sizes=\"auto, (max-width: 150px) 100vw, 150px\" \/><\/h1>\n\n\n\n<p><strong>Mit DBD-BIM nutzen Sie Content f\u00fcr<\/strong><\/p>\n\n\n\n<ul class=\"wp-block-list\"><li>bauteilorientierte Kostenermittlung<\/li><li>STLB-Bau kompatible Leistungen im BIM-Prozess<\/li><li>bepreiste Modelle<\/li><li>standardisierte BIM Attribute nach DIN BIM Cloud<\/li><\/ul>\n\n\n\n<p><strong>Mit DBD-BIM haben Sie<\/strong><\/p>\n\n\n\n<ul class=\"wp-block-list\"><li>individuelle Bauteile f\u00fcr Architektur, TGA, Stra\u00dfenbau, Tiefbau und Infrastruktur<\/li><li>Baukosten nach DIN 276<\/li><li>Daten f\u00fcr BIM 5D<\/li><li>Baunormen und Richtlinien direkt im Prozess<\/li><\/ul>\n\n\n\n<p><strong>Mit DBD-BIM profitieren Sie von<\/strong><\/p>\n\n\n\n<ul class=\"wp-block-list\"><li>Aktualit\u00e4t ohne Pflegeaufwand<\/li><li>fundiert kalkulierten Baukosten<\/li><li>einer durchg\u00e4ngigen Datenl\u00f6sung im BIM-Prozess<\/li><li>Integrationen in CAD, BIM, AVA und FM Software<\/li><\/ul>\n","protected":false},"excerpt":{"rendered":"<p>BIM-Daten f\u00fcr BauteileKostenermittlung \u2013 Leistungen \u2013 Attribute Mit DBD-BIM nutzen Sie Content f\u00fcr bauteilorientierte Kostenermittlung STLB-Bau kompatible Leistungen im BIM-Prozess bepreiste Modelle standardisierte BIM Attribute nach DIN BIM Cloud Mit DBD-BIM haben Sie individuelle Bauteile f\u00fcr Architektur, TGA, Stra\u00dfenbau, Tiefbau und Infrastruktur Baukosten nach DIN 276 Daten f\u00fcr BIM 5D Baunormen und Richtlinien direkt im [&hellip;]<\/p>\n","protected":false},"author":1,"featured_media":0,"parent":20,"menu_order":1,"comment_status":"closed","ping_status":"closed","template":"","meta":{"footnotes":""},"class_list":["post-1103","page","type-page","status-publish","hentry"],"_links":{"self":[{"href":"https:\/\/architektenpartner.de\/index.php?rest_route=\/wp\/v2\/pages\/1103","targetHints":{"allow":["GET"]}}],"collection":[{"href":"https:\/\/architektenpartner.de\/index.php?rest_route=\/wp\/v2\/pages"}],"about":[{"href":"https:\/\/architektenpartner.de\/index.php?rest_route=\/wp\/v2\/types\/page"}],"author":[{"embeddable":true,"href":"https:\/\/architektenpartner.de\/index.php?rest_route=\/wp\/v2\/users\/1"}],"replies":[{"embeddable":true,"href":"https:\/\/architektenpartner.de\/index.php?rest_route=%2Fwp%2Fv2%2Fcomments&post=1103"}],"version-history":[{"count":3,"href":"https:\/\/architektenpartner.de\/index.php?rest_route=\/wp\/v2\/pages\/1103\/revisions"}],"predecessor-version":[{"id":1108,"href":"https:\/\/architektenpartner.de\/index.php?rest_route=\/wp\/v2\/pages\/1103\/revisions\/1108"}],"up":[{"embeddable":true,"href":"https:\/\/architektenpartner.de\/index.php?rest_route=\/wp\/v2\/pages\/20"}],"wp:attachment":[{"href":"https:\/\/architektenpartner.de\/index.php?rest_route=%2Fwp%2Fv2%2Fmedia&parent=1103"}],"curies":[{"name":"wp","href":"https:\/\/api.w.org\/{rel}","templated":true}]}}